{"id":61,"date":"2013-01-02T00:32:48","date_gmt":"2013-01-02T00:32:48","guid":{"rendered":"http:\/\/www.alsit.ch\/?page_id=61"},"modified":"2013-01-02T00:32:56","modified_gmt":"2013-01-02T00:32:56","slug":"iplattform","status":"publish","type":"page","link":"https:\/\/www.alsit.ch\/?page_id=61","title":{"rendered":"iPlattform"},"content":{"rendered":"<p><strong>Die iPlattform bietet in verschiedenen Bereichen neue Funktionalit\u00e4ten die neue didaktische M\u00f6glichkeiten er\u00f6ffnen.\u00a0<\/strong><\/p>\n<p>Folgende Funktionen machen die iPlattform einzigartig:<br \/>\n(Folgen Sie den Links f\u00fcr eine Demo)<\/p>\n<ul>\n<li>Lernen mit Ton: Bestehende Audio-Dateien von Lehrmittel-CD und Zusatzmaterial werden zentral und zug\u00e4nglich angeboten, z.T auch in \u00dcbungen eingebaut. Sie sind \u00fcberall verf\u00fcgbar, auch auf mobilen Ger\u00e4ten.<\/li>\n<li>Das kann kein Buch: Einsatz von Video und Audio erlauben einen sehr viel mehr h\u00f6rorientierten Sprachunterricht.<\/li>\n<li>Die integrierte Flashcard-Technologie Quizlet erlaubt neue Methoden von W\u00f6rter-Lernen: Ob Computer, iPod, iPad oder Android-Mobile, die Sch\u00fclerinnen und Sch\u00fcler k\u00f6nnen jederzeit auch h\u00f6ren, wie das Wort korrekt ausgesprochen wird.<\/li>\n<li>Mit der M\u00f6glichkeit, Audio-Aufnahmen direkt in die Plattform einzugeben, erm\u00f6glicht es, die Kompetenz &#8220;Sprechen&#8221; einfach zu trainieren und auch zu testen.<\/li>\n<li>Das sofortige Feedback nach einer \u00dcbung (rotes Kreuz) verhindert, dass die Sch\u00fclerinnen und Sch\u00fcler falsches lernen und motivieren mit klarer und direkter, aber auch schonungloser R\u00fcckmeldung dazu, die Lerninhalte &#8220;richtig&#8221; anzugehen.<\/li>\n<li>Mit \u00dcbungen wie z.B. einem Musik-Quiz haben Elemente Platz, die Sch\u00fclerinnen und Sch\u00fcler dazu bringen, freiwillig und mit Freude Sprach\u00fcbungen zu l\u00f6sen.<\/li>\n<\/ul>\n","protected":false},"excerpt":{"rendered":"<p>Die iPlattform bietet in verschiedenen Bereichen neue Funktionalit\u00e4ten die neue didaktische M\u00f6glichkeiten er\u00f6ffnen.\u00a0 Folgende Funktionen machen die iPlattform einzigartig: (Folgen Sie den Links f\u00fcr eine Demo) Lernen mit Ton: Bestehende Audio-Dateien von Lehrmittel-CD und Zusatzmaterial werden zentral und zug\u00e4nglich angeboten, &hellip; <a href=\"https:\/\/www.alsit.ch\/?page_id=61\">Continue reading <span class=\"meta-nav\">&rarr;<\/span><\/a><\/p>\n","protected":false},"author":1,"featured_media":0,"parent":0,"menu_order":50,"comment_status":"closed","ping_status":"closed","template":"","meta":{"footnotes":""},"class_list":["post-61","page","type-page","status-publish","hentry"],"_links":{"self":[{"href":"https:\/\/www.alsit.ch\/index.php?rest_route=\/wp\/v2\/pages\/61","targetHints":{"allow":["GET"]}}],"collection":[{"href":"https:\/\/www.alsit.ch\/index.php?rest_route=\/wp\/v2\/pages"}],"about":[{"href":"https:\/\/www.alsit.ch\/index.php?rest_route=\/wp\/v2\/types\/page"}],"author":[{"embeddable":true,"href":"https:\/\/www.alsit.ch\/index.php?rest_route=\/wp\/v2\/users\/1"}],"replies":[{"embeddable":true,"href":"https:\/\/www.alsit.ch\/index.php?rest_route=%2Fwp%2Fv2%2Fcomments&post=61"}],"version-history":[{"count":2,"href":"https:\/\/www.alsit.ch\/index.php?rest_route=\/wp\/v2\/pages\/61\/revisions"}],"predecessor-version":[{"id":63,"href":"https:\/\/www.alsit.ch\/index.php?rest_route=\/wp\/v2\/pages\/61\/revisions\/63"}],"wp:attachment":[{"href":"https:\/\/www.alsit.ch\/index.php?rest_route=%2Fwp%2Fv2%2Fmedia&parent=61"}],"curies":[{"name":"wp","href":"https:\/\/api.w.org\/{rel}","templated":true}]}}