{"id":4,"date":"2013-01-01T13:16:02","date_gmt":"2013-01-01T13:16:02","guid":{"rendered":"http:\/\/www.alsit.ch\/?page_id=4"},"modified":"2014-02-14T12:18:29","modified_gmt":"2014-02-14T12:18:29","slug":"willkommen","status":"publish","type":"page","link":"https:\/\/www.alsit.ch\/","title":{"rendered":"Willkommen"},"content":{"rendered":"<p><strong>ALSIT Advanced Learning Solutions: Besser lernen mit aktuellsten IT Mitteln.<\/strong><\/p>\n<p>ALSIT steht f\u00fcr\u00a0<strong>Advanced Learning Solutions<\/strong>. \u00a0Aufgrund jahrelanger Erfahrung mit IT-Systemen definiert ALSIT die Schulinformatik neu:<\/p>\n<p><strong> ALSIT steht f\u00fcr ein komplett neuartiges Unterrichtskonzept, das verschiedene IT-Mittel in die Lernpozesse in allen F\u00e4chern integriert.<\/strong><\/p>\n<ul>\n<li><strong>IT unterst\u00fctzt die Lernprozesse der Schule<\/strong>\u00a0(und nicht: Die Schule f\u00fchrt in die neuen Technologien ein.)<\/li>\n<li>Die Systeme bringen\u00a0<strong>einen Mehrwert in den Kernaufgaben<\/strong>\u00a0der Schule.<\/li>\n<li><strong>Das System ist benutzerfreundlich<\/strong>\u00a0zu bedienen f\u00fcr Lehrer und Sch\u00fcler, systemunabh\u00e4ngig, \u00fcberall gleichermassen erreichbar, auch zuhause oder unterwegs.<\/li>\n<li>Die Systeme erm\u00f6glichen\u00a0<strong>neue didaktische Konzepte<\/strong>.<\/li>\n<li>Neue Medien wie <strong>Mobiltelefone und Tablets<\/strong> werden in die Lernprozesse integriert.<\/li>\n<\/ul>\n<p>Das ALSIT-Konzept arbeitet vor allem auf der Basis der\u00a0<a href=\"http:\/\/www.moodle.org\/\">Lernplattform Moodle<\/a>, ist jedoch in keiner Weise zu vergleichen mit dem bekannten Einsatz von Plattformen wie z.B. Educanet.<br \/>\n&#8220;Dateien zum Download zur Verf\u00fcgung stellen&#8221;, &#8220;Foren&#8221;, und &#8220;Wikis&#8221; gibt es zwar auch, im Vordergrund stehen aber selbstkorrigierende \u00dcbungen, der Einsatz von Multimedia und direkte Arbeit mit Moodle-Aktivit\u00e4ten, alles aufgezeichnet und in \u00fcbersichtlichen Aufstellungen gelistet.<\/p>\n<p><a title=\"Konzepte\" href=\"http:\/\/www.alsit.ch\/?page_id=15\">Erfahren Sie hier mehr zum fortschrittlichen IT-Konzept f\u00fcr Schulen.<\/a><\/p>\n","protected":false},"excerpt":{"rendered":"<p>ALSIT Advanced Learning Solutions: Besser lernen mit aktuellsten IT Mitteln. ALSIT steht f\u00fcr\u00a0Advanced Learning Solutions. \u00a0Aufgrund jahrelanger Erfahrung mit IT-Systemen definiert ALSIT die Schulinformatik neu: ALSIT steht f\u00fcr ein komplett neuartiges Unterrichtskonzept, das verschiedene IT-Mittel in die Lernpozesse in allen &hellip; <a href=\"https:\/\/www.alsit.ch\/\">Continue reading <span class=\"meta-nav\">&rarr;<\/span><\/a><\/p>\n","protected":false},"author":1,"featured_media":0,"parent":0,"menu_order":0,"comment_status":"closed","ping_status":"closed","template":"","meta":{"footnotes":""},"class_list":["post-4","page","type-page","status-publish","hentry"],"_links":{"self":[{"href":"https:\/\/www.alsit.ch\/index.php?rest_route=\/wp\/v2\/pages\/4","targetHints":{"allow":["GET"]}}],"collection":[{"href":"https:\/\/www.alsit.ch\/index.php?rest_route=\/wp\/v2\/pages"}],"about":[{"href":"https:\/\/www.alsit.ch\/index.php?rest_route=\/wp\/v2\/types\/page"}],"author":[{"embeddable":true,"href":"https:\/\/www.alsit.ch\/index.php?rest_route=\/wp\/v2\/users\/1"}],"replies":[{"embeddable":true,"href":"https:\/\/www.alsit.ch\/index.php?rest_route=%2Fwp%2Fv2%2Fcomments&post=4"}],"version-history":[{"count":13,"href":"https:\/\/www.alsit.ch\/index.php?rest_route=\/wp\/v2\/pages\/4\/revisions"}],"predecessor-version":[{"id":144,"href":"https:\/\/www.alsit.ch\/index.php?rest_route=\/wp\/v2\/pages\/4\/revisions\/144"}],"wp:attachment":[{"href":"https:\/\/www.alsit.ch\/index.php?rest_route=%2Fwp%2Fv2%2Fmedia&parent=4"}],"curies":[{"name":"wp","href":"https:\/\/api.w.org\/{rel}","templated":true}]}}