{"id":35,"date":"2013-01-01T16:29:42","date_gmt":"2013-01-01T16:29:42","guid":{"rendered":"http:\/\/www.alsit.ch\/?page_id=35"},"modified":"2018-08-27T12:06:52","modified_gmt":"2018-08-27T12:06:52","slug":"angebote-fur-schulen","status":"publish","type":"page","link":"https:\/\/www.alsit.ch\/?page_id=35","title":{"rendered":"Angebote iPlattform"},"content":{"rendered":"<p><strong>ALSIT bietet Ihnen den Zugang zur Plattform als Dienstleistung.<\/strong><br \/>\n<strong> Es entstehen keine weiteren Infrastrukturkosten.<\/strong><\/p>\n<p><strong>Moodle-Kurs f\u00fcr einzelne Lehrer<\/strong><br \/>\nPreis auf Anfrage und in Absprache (info@alsit.ch)<br \/>\n(Hosting auf iplattform.alsit.ch)<\/p>\n<p>Kursbereich f\u00fcr Schulen auf <strong>iplattform.alsit.ch<\/strong><\/p>\n<table border=\"0\" cellspacing=\"0\" cellpadding=\"0\">\n<tbody>\n<tr>\n<td><strong>Basis<\/strong> *<\/td>\n<td>10 CHF pro Sch\u00fcler\/Jahr<\/td>\n<\/tr>\n<tr>\n<td><strong>Content pro Lehrmittel<\/strong> (mit passenden \u00dcbungen zu den entsprechenden Lehrmitteln) **<\/td>\n<td>5 CHF pro Sch\u00fcler\/Jahr<\/td>\n<\/tr>\n<tr>\n<td><strong>Eigene iPlattform<\/strong> (<em>iplattform.domainihrerschule.ch<\/em>)<\/td>\n<td>1000 CHF pro Jahr<\/td>\n<\/tr>\n<tr>\n<td>Schulhauspauschalen<\/td>\n<td>auf Anfrage<\/td>\n<\/tr>\n<\/tbody>\n<\/table>\n<p><strong>\u00a0* Das Basisangebot beinhaltet:<\/strong><\/p>\n<ul>\n<li>Kosten: 10 CHF pro Sch\u00fcler\/Jahr<\/li>\n<li>Erfassung der Sch\u00fcler durch ALSIT ab Lehreroffice<\/li>\n<li>Hosting und Betrieb by ALSIT\/keinen Aufwand f\u00fcr die Schul-IT<\/li>\n<li>entsprechend viele Kursgef\u00e4sse f\u00fcr Lehrer, beliebig viele Kursgef\u00e4sse f\u00fcr Schulen, ohne Inhalt.<\/li>\n<li>technischer Email-Support<\/li>\n<\/ul>\n<p><strong>** Content\u00a0Advanced Learning iPlattform<\/strong><\/p>\n<ul>\n<li>Kosten: 5 CHF pro Sch\u00fcler, Jahr und Lehrmittel<\/li>\n<li>Zum Lehrmittel passende online-\u00dcbungen, die einfach eingesetzt werden k\u00f6nnen.<\/li>\n<li>Umfangreiche \u00dcbungen zu allen Kompetenzen in den Sprachf\u00e4chern (Schreiben\/Lesen\/H\u00f6ren\/Sprechen)<\/li>\n<li>Lernzielkontrollen<\/li>\n<\/ul>\n<p>Im Moment sind zu folgenden Lehrmitteln iPlattform-Content verf\u00fcgbar:<\/p>\n<ul>\n<li>Envol 7 (Franz\u00f6sisch 7.\/8. Schuljahr)<\/li>\n<li>New Inspiration 2 (Englisch 7. \/8. Schuljahr)<\/li>\n<\/ul>\n<p>In Vorbereitung:<\/p>\n<ul>\n<li>Envol 8 (Franz\u00f6sisch 8.\/9. Schuljahr)<\/li>\n<li>Envol 9 (Franz\u00f6sisch 9. Schuljahr)<\/li>\n<li>New Inspiration 3 (Englisch 8.\/9. Schuljahr)<\/li>\n<\/ul>\n","protected":false},"excerpt":{"rendered":"<p>ALSIT bietet Ihnen den Zugang zur Plattform als Dienstleistung. Es entstehen keine weiteren Infrastrukturkosten. Moodle-Kurs f\u00fcr einzelne Lehrer Preis auf Anfrage und in Absprache (info@alsit.ch) (Hosting auf iplattform.alsit.ch) Kursbereich f\u00fcr Schulen auf iplattform.alsit.ch Basis * 10 CHF pro Sch\u00fcler\/Jahr Content &hellip; <a href=\"https:\/\/www.alsit.ch\/?page_id=35\">Continue reading <span class=\"meta-nav\">&rarr;<\/span><\/a><\/p>\n","protected":false},"author":1,"featured_media":0,"parent":0,"menu_order":40,"comment_status":"closed","ping_status":"closed","template":"","meta":{"footnotes":""},"class_list":["post-35","page","type-page","status-publish","hentry"],"_links":{"self":[{"href":"https:\/\/www.alsit.ch\/index.php?rest_route=\/wp\/v2\/pages\/35","targetHints":{"allow":["GET"]}}],"collection":[{"href":"https:\/\/www.alsit.ch\/index.php?rest_route=\/wp\/v2\/pages"}],"about":[{"href":"https:\/\/www.alsit.ch\/index.php?rest_route=\/wp\/v2\/types\/page"}],"author":[{"embeddable":true,"href":"https:\/\/www.alsit.ch\/index.php?rest_route=\/wp\/v2\/users\/1"}],"replies":[{"embeddable":true,"href":"https:\/\/www.alsit.ch\/index.php?rest_route=%2Fwp%2Fv2%2Fcomments&post=35"}],"version-history":[{"count":15,"href":"https:\/\/www.alsit.ch\/index.php?rest_route=\/wp\/v2\/pages\/35\/revisions"}],"predecessor-version":[{"id":128,"href":"https:\/\/www.alsit.ch\/index.php?rest_route=\/wp\/v2\/pages\/35\/revisions\/128"}],"wp:attachment":[{"href":"https:\/\/www.alsit.ch\/index.php?rest_route=%2Fwp%2Fv2%2Fmedia&parent=35"}],"curies":[{"name":"wp","href":"https:\/\/api.w.org\/{rel}","templated":true}]}}