{"id":105,"date":"2013-10-20T12:58:47","date_gmt":"2013-10-20T12:58:47","guid":{"rendered":"http:\/\/www.alsit.ch\/?page_id=105"},"modified":"2013-10-20T13:01:16","modified_gmt":"2013-10-20T13:01:16","slug":"ubungen-erstellen-lassen","status":"publish","type":"page","link":"https:\/\/www.alsit.ch\/?page_id=105","title":{"rendered":"\u00dcbungen erstellen lassen"},"content":{"rendered":"<p><strong>Service:\u00a0\u00dcbungen erstellen lassen<\/strong><\/p>\n<p>Haben Sie sich auch schon gedacht:<\/p>\n<p><em>Ich w\u00fcrde gerne diese und jende, bzw. mehr \u00dcbungen \u00fcber Moodle anbieten&#8230; Aber:<\/em><\/p>\n<ul>\n<li><em><span style=\"line-height: 16px;\">ich bin Lehrer, nicht Informatiker&#8230;<\/span><\/em><\/li>\n<li><em>ich bin zu teuer f\u00fcr diese Arbeit&#8230;<\/em><\/li>\n<li><em>ich m\u00f6chte mich mit Sch\u00fclern besch\u00e4ftigen nicht mit den kriptischen Tags eines LMS..<\/em><\/li>\n<li><em>usw<\/em><\/li>\n<\/ul>\n<p>ALSIT bietet Ihnen den passenden Service:<br \/>\nWir verf\u00fcgen \u00fcber einen Mitarbeiter der in Kinshasa, Congo lebt und \u00fcber ausgezeichnete Erfahrungen verf\u00fcgt, aus bestehenden Papier\u00fcbungen Moodle-Tests zu erstellen. Und dies zu einem sehr attraktiven Preis!<\/p>\n<p>Lassen Sie sich ein Angebot machen!<\/p>\n<p>Dieser Service pulverisiert manche Vorbehalte gegen den Einsatz von Moodle als Lernsoftware.<\/p>\n","protected":false},"excerpt":{"rendered":"<p>Service:\u00a0\u00dcbungen erstellen lassen Haben Sie sich auch schon gedacht: Ich w\u00fcrde gerne diese und jende, bzw. mehr \u00dcbungen \u00fcber Moodle anbieten&#8230; Aber: ich bin Lehrer, nicht Informatiker&#8230; ich bin zu teuer f\u00fcr diese Arbeit&#8230; ich m\u00f6chte mich mit Sch\u00fclern besch\u00e4ftigen &hellip; <a href=\"https:\/\/www.alsit.ch\/?page_id=105\">Continue reading <span class=\"meta-nav\">&rarr;<\/span><\/a><\/p>\n","protected":false},"author":1,"featured_media":0,"parent":0,"menu_order":58,"comment_status":"closed","ping_status":"open","template":"","meta":{"footnotes":""},"class_list":["post-105","page","type-page","status-publish","hentry"],"_links":{"self":[{"href":"https:\/\/www.alsit.ch\/index.php?rest_route=\/wp\/v2\/pages\/105","targetHints":{"allow":["GET"]}}],"collection":[{"href":"https:\/\/www.alsit.ch\/index.php?rest_route=\/wp\/v2\/pages"}],"about":[{"href":"https:\/\/www.alsit.ch\/index.php?rest_route=\/wp\/v2\/types\/page"}],"author":[{"embeddable":true,"href":"https:\/\/www.alsit.ch\/index.php?rest_route=\/wp\/v2\/users\/1"}],"replies":[{"embeddable":true,"href":"https:\/\/www.alsit.ch\/index.php?rest_route=%2Fwp%2Fv2%2Fcomments&post=105"}],"version-history":[{"count":5,"href":"https:\/\/www.alsit.ch\/index.php?rest_route=\/wp\/v2\/pages\/105\/revisions"}],"predecessor-version":[{"id":110,"href":"https:\/\/www.alsit.ch\/index.php?rest_route=\/wp\/v2\/pages\/105\/revisions\/110"}],"wp:attachment":[{"href":"https:\/\/www.alsit.ch\/index.php?rest_route=%2Fwp%2Fv2%2Fmedia&parent=105"}],"curies":[{"name":"wp","href":"https:\/\/api.w.org\/{rel}","templated":true}]}}